{"id":216,"date":"2026-03-10T15:11:01","date_gmt":"2026-03-10T15:11:01","guid":{"rendered":"https:\/\/cms2505.emu.isfsc.be\/?page_id=216"},"modified":"2026-03-10T15:11:01","modified_gmt":"2026-03-10T15:11:01","slug":"assemblee-generale","status":"publish","type":"page","link":"https:\/\/cms2505.emu.isfsc.be\/index.php\/assemblee-generale\/","title":{"rendered":"Assembl\u00e9e g\u00e9n\u00e9rale"},"content":{"rendered":"","protected":false},"excerpt":{"rendered":"","protected":false},"author":3,"featured_media":0,"parent":0,"menu_order":0,"comment_status":"closed","ping_status":"closed","template":"","meta":{"_et_pb_use_builder":"","_et_pb_old_content":"","_et_gb_content_width":"","_crdt_document":"","footnotes":""},"class_list":["post-216","page","type-page","status-publish","hentry"],"_links":{"self":[{"href":"https:\/\/cms2505.emu.isfsc.be\/index.php\/wp-json\/wp\/v2\/pages\/216","targetHints":{"allow":["GET"]}}],"collection":[{"href":"https:\/\/cms2505.emu.isfsc.be\/index.php\/wp-json\/wp\/v2\/pages"}],"about":[{"href":"https:\/\/cms2505.emu.isfsc.be\/index.php\/wp-json\/wp\/v2\/types\/page"}],"author":[{"embeddable":true,"href":"https:\/\/cms2505.emu.isfsc.be\/index.php\/wp-json\/wp\/v2\/users\/3"}],"replies":[{"embeddable":true,"href":"https:\/\/cms2505.emu.isfsc.be\/index.php\/wp-json\/wp\/v2\/comments?post=216"}],"version-history":[{"count":1,"href":"https:\/\/cms2505.emu.isfsc.be\/index.php\/wp-json\/wp\/v2\/pages\/216\/revisions"}],"predecessor-version":[{"id":217,"href":"https:\/\/cms2505.emu.isfsc.be\/index.php\/wp-json\/wp\/v2\/pages\/216\/revisions\/217"}],"wp:attachment":[{"href":"https:\/\/cms2505.emu.isfsc.be\/index.php\/wp-json\/wp\/v2\/media?parent=216"}],"curies":[{"name":"wp","href":"https:\/\/api.w.org\/{rel}","templated":true}]}}